{"id":48092,"date":"2026-02-25T12:09:03","date_gmt":"2026-02-25T17:09:03","guid":{"rendered":"\/?page_id=48092"},"modified":"2026-03-18T14:16:11","modified_gmt":"2026-03-18T18:16:11","slug":"proximos-eventos-y-viajes","status":"publish","type":"page","link":"\/es\/proximos-eventos-y-viajes\/","title":{"rendered":"Pr\u00f3ximos Eventos y Viajes"},"content":{"rendered":"<p>[et_pb_section fb_built=&#8221;1&#8243; admin_label=&#8221;Header&#8221; _builder_version=&#8221;4.27.4&#8243; _module_preset=&#8221;default&#8221; use_background_color_gradient=&#8221;on&#8221; background_color_gradient_stops=&#8221;rgba(34,34,34,0) 0%|rgba(33,15,15,0.45) 100%&#8221; background_color_gradient_overlays_image=&#8221;on&#8221; background_image=&#8221;https:\/\/d1jeyrxw15fk4e.cloudfront.net\/wp-content\/uploads\/2026\/02\/288A0221.jpg&#8221; custom_padding=&#8221;90px||90px||true|false&#8221; locked=&#8221;off&#8221; collapsed=&#8221;on&#8221; global_colors_info=&#8221;{%22gcid-1f9b0bb3-481a-49f1-9fe6-999fc3c3182b%22:%91%22background_color_gradient_stops%22%93}&#8221;][et_pb_row _builder_version=&#8221;4.20.0&#8243; _module_preset=&#8221;default&#8221; global_colors_info=&#8221;{}&#8221;][et_pb_column type=&#8221;4_4&#8243; _builder_version=&#8221;4.20.0&#8243; _module_preset=&#8221;default&#8221; global_colors_info=&#8221;{}&#8221;][et_pb_text _builder_version=&#8221;4.27.4&#8243; _module_preset=&#8221;6e02b861-1c2f-43d5-b7ae-baea8070dac0&#8243; header_font=&#8221;Montserrat|700|||||||&#8221; header_text_color=&#8221;#FFFFFF&#8221; header_font_size=&#8221;65px&#8221; text_orientation=&#8221;center&#8221; custom_margin=&#8221;||10px||false|false&#8221; header_text_shadow_style=&#8221;preset2&#8243; global_colors_info=&#8221;{}&#8221;]<\/p>\n<h1>PR\u00d3XIMOS EVENTOS Y VIAJES<\/h1>\n<p>[\/et_pb_text][\/et_pb_column][\/et_pb_row][\/et_pb_section][et_pb_section fb_built=&#8221;1&#8243; use_custom_gutter=&#8221;on&#8221; specialty=&#8221;on&#8221; background_color_1=&#8221;#FFFFFF&#8221; padding_right_1=&#8221;30px&#8221; padding_left_1=&#8221;30px&#8221; padding_top_bottom_link_1=&#8221;false&#8221; padding_top_bottom_link_2=&#8221;false&#8221; padding_left_right_link_1=&#8221;true&#8221; padding_left_right_link_2=&#8221;false&#8221; padding_1_tablet=&#8221;&#8221; padding_2_tablet=&#8221;30px|30px|30px|30px|true|true&#8221; padding_1_phone=&#8221;|30px||30px|false|true&#8221; padding_2_phone=&#8221;30px|30px|30px|30px|true|true&#8221; padding_1_last_edited=&#8221;on|phone&#8221; padding_2_last_edited=&#8221;off|desktop&#8221; admin_label=&#8221;Events&#8221; _builder_version=&#8221;4.20.0&#8243; _module_preset=&#8221;default&#8221; background_color=&#8221;gcid-86da69f8-ce43-4c42-8395-4abd58818e72&#8243; collapsed=&#8221;on&#8221; global_colors_info=&#8221;{%22gcid-86da69f8-ce43-4c42-8395-4abd58818e72%22:%91%22background_color%22%93}&#8221;][et_pb_column type=&#8221;3_4&#8243; specialty_columns=&#8221;3&#8243; _builder_version=&#8221;4.16&#8243; _module_preset=&#8221;default&#8221; custom_padding=&#8221;|||&#8221; global_colors_info=&#8221;{}&#8221; custom_padding__hover=&#8221;|||&#8221;][et_pb_row_inner column_structure=&#8221;1_2,1_2&#8243; module_id=&#8221;dream-trip&#8221; _builder_version=&#8221;4.27.4&#8243; _module_preset=&#8221;default&#8221; global_colors_info=&#8221;{}&#8221;][et_pb_column_inner type=&#8221;1_2&#8243; saved_specialty_column_type=&#8221;3_4&#8243; _builder_version=&#8221;4.20.0&#8243; _module_preset=&#8221;default&#8221; global_colors_info=&#8221;{}&#8221;][et_pb_image src=&#8221;https:\/\/d1jeyrxw15fk4e.cloudfront.net\/wp-content\/uploads\/2026\/03\/Cancun-2026.jpg&#8221; title_text=&#8221;Cancun 2026&#8243; _builder_version=&#8221;4.27.4&#8243; _module_preset=&#8221;default&#8221; hover_enabled=&#8221;0&#8243; border_radii=&#8221;on|5px|5px|5px|5px&#8221; global_colors_info=&#8221;{}&#8221; alt=&#8221;Cancun 2026&#8243; sticky_enabled=&#8221;0&#8243;][\/et_pb_image][\/et_pb_column_inner][et_pb_column_inner type=&#8221;1_2&#8243; saved_specialty_column_type=&#8221;3_4&#8243; _builder_version=&#8221;4.20.0&#8243; _module_preset=&#8221;default&#8221; global_colors_info=&#8221;{}&#8221;][et_pb_text _builder_version=&#8221;4.27.4&#8243; _module_preset=&#8221;b9f16d62-6e1a-493e-befd-f1613ea66937&#8243; header_font=&#8221;Tenor Sans||||||||&#8221; header_3_font=&#8221;Montserrat|700|||||||&#8221; custom_margin=&#8221;||10px||false|false&#8221; global_colors_info=&#8221;{}&#8221;]<\/p>\n<h3>Viaje de Ensue\u00f1o Bravenly Junio 2026: Canc\u00fan<\/h3>\n<p>[\/et_pb_text][et_pb_text _builder_version=&#8221;4.27.4&#8243; _module_preset=&#8221;f1a0c9cb-c459-40a4-b7f5-9461d8f18a29&#8243; text_font=&#8221;&#8211;et_global_body_font|700|||||||&#8221; text_text_color=&#8221;gcid-1f9b0bb3-481a-49f1-9fe6-999fc3c3182b&#8221; custom_margin=&#8221;||10px||false|false&#8221; global_colors_info=&#8221;{%22gcid-1f9b0bb3-481a-49f1-9fe6-999fc3c3182b%22:%91%22text_text_color%22%93}&#8221;]<\/p>\n<p>2\u20136 de Junio de 2026<\/p>\n<p>[\/et_pb_text][et_pb_text _builder_version=&#8221;4.27.4&#8243; _module_preset=&#8221;f1a0c9cb-c459-40a4-b7f5-9461d8f18a29&#8243; text_font=&#8221;&#8211;et_global_body_font||||||||&#8221; custom_margin=&#8221;||10px||false|false&#8221; global_colors_info=&#8221;{}&#8221;]<\/p>\n<p>Grand Fiesta Americana Coral Beach Canc\u00fan<\/p>\n<p>[\/et_pb_text][et_pb_text _builder_version=&#8221;4.27.4&#8243; _module_preset=&#8221;f1a0c9cb-c459-40a4-b7f5-9461d8f18a29&#8243; text_font=&#8221;&#8211;et_global_body_font||||||||&#8221; text_text_color=&#8221;#000000&#8243; custom_margin=&#8221;30px||||false|false&#8221; global_colors_info=&#8221;{}&#8221;]<\/p>\n<p>Una celebraci\u00f3n todo incluido frente al mar en honor a nuestros Socios de Marca de mayor rendimiento, donde quienes calificaron disfrutar\u00e1n de alojamientos de lujo y eventos exclusivos de Bravenly en el para\u00edso.<\/p>\n<p>[\/et_pb_text][et_pb_button button_url=&#8221;https:\/\/bravenlyglobal.com\/es\/viaje-de-ensueno-bravenly-cancun-2025\/&#8221; button_text=&#8221;SABER M\u00c1S&#8221; button_text_tablet=&#8221;SABER M\u00c1S&#8221; button_text_phone=&#8221;SABER M\u00c1S&#8221; button_text_last_edited=&#8221;on|phone&#8221; _builder_version=&#8221;4.27.4&#8243; _module_preset=&#8221;default&#8221; custom_button=&#8221;on&#8221; button_text_size=&#8221;18px&#8221; button_text_color=&#8221;#FFFFFF&#8221; button_bg_color=&#8221;gcid-primary-color&#8221; button_border_width=&#8221;2px&#8221; button_border_color=&#8221;gcid-body-color&#8221; button_font=&#8221;Lato||||||||&#8221; custom_margin=&#8221;10px||10px||false|false&#8221; custom_padding=&#8221;10px||10px||false|false&#8221; locked=&#8221;off&#8221; global_colors_info=&#8221;{%22gcid-body-color%22:%91%22button_border_color%22%93,%22gcid-primary-color%22:%91%22button_bg_color%22%93}&#8221;][\/et_pb_button][\/et_pb_column_inner][\/et_pb_row_inner][et_pb_row_inner column_structure=&#8221;1_2,1_2&#8243; module_id=&#8221;growth-summit&#8221; _builder_version=&#8221;4.27.4&#8243; _module_preset=&#8221;default&#8221; global_colors_info=&#8221;{}&#8221;][et_pb_column_inner type=&#8221;1_2&#8243; saved_specialty_column_type=&#8221;3_4&#8243; _builder_version=&#8221;4.20.0&#8243; _module_preset=&#8221;default&#8221; global_colors_info=&#8221;{}&#8221;][et_pb_image src=&#8221;https:\/\/d1jeyrxw15fk4e.cloudfront.net\/wp-content\/uploads\/2026\/03\/Growth-Summit-2026.jpg&#8221; title_text=&#8221;Growth Summit 2026&#8243; _builder_version=&#8221;4.27.4&#8243; _module_preset=&#8221;default&#8221; hover_enabled=&#8221;0&#8243; border_radii=&#8221;on|5px|5px|5px|5px&#8221; global_colors_info=&#8221;{}&#8221; alt=&#8221;Growth Summit 2026&#8243; sticky_enabled=&#8221;0&#8243;][\/et_pb_image][\/et_pb_column_inner][et_pb_column_inner type=&#8221;1_2&#8243; saved_specialty_column_type=&#8221;3_4&#8243; _builder_version=&#8221;4.20.0&#8243; _module_preset=&#8221;default&#8221; global_colors_info=&#8221;{}&#8221;][et_pb_text _builder_version=&#8221;4.27.4&#8243; _module_preset=&#8221;b9f16d62-6e1a-493e-befd-f1613ea66937&#8243; header_font=&#8221;Tenor Sans||||||||&#8221; header_3_font=&#8221;Montserrat|700|||||||&#8221; custom_margin=&#8221;||10px||false|false&#8221; global_colors_info=&#8221;{}&#8221;]<\/p>\n<h3>Growth Summit 2026<\/h3>\n<p>[\/et_pb_text][et_pb_text _builder_version=&#8221;4.27.4&#8243; _module_preset=&#8221;f1a0c9cb-c459-40a4-b7f5-9461d8f18a29&#8243; text_font=&#8221;&#8211;et_global_body_font|700|||||||&#8221; text_text_color=&#8221;gcid-1f9b0bb3-481a-49f1-9fe6-999fc3c3182b&#8221; custom_margin=&#8221;||10px||false|false&#8221; global_colors_info=&#8221;{%22gcid-1f9b0bb3-481a-49f1-9fe6-999fc3c3182b%22:%91%22text_text_color%22%93}&#8221;]<\/p>\n<p>17\u201318 de Julio de 2026<\/p>\n<p>[\/et_pb_text][et_pb_text _builder_version=&#8221;4.27.4&#8243; _module_preset=&#8221;f1a0c9cb-c459-40a4-b7f5-9461d8f18a29&#8243; text_font=&#8221;&#8211;et_global_body_font||||||||&#8221; custom_margin=&#8221;||10px||false|false&#8221; global_colors_info=&#8221;{}&#8221;]<\/p>\n<p>Orlando, Florida<\/p>\n<p>[\/et_pb_text][et_pb_text _builder_version=&#8221;4.27.4&#8243; _module_preset=&#8221;f1a0c9cb-c459-40a4-b7f5-9461d8f18a29&#8243; text_font=&#8221;&#8211;et_global_body_font||||||||&#8221; text_text_color=&#8221;#000000&#8243; custom_margin=&#8221;30px||||false|false&#8221; global_colors_info=&#8221;{}&#8221;]<\/p>\n<p>Donde los l\u00edderes se re\u00fanen para elevar su visi\u00f3n y expandir su impacto, llevando su negocio al siguiente nivel a trav\u00e9s de capacitaci\u00f3n poderosa y conexiones estrat\u00e9gicas.<\/p>\n<p>[\/et_pb_text][et_pb_button button_url=&#8221;https:\/\/shop.bydesign.com\/Bravenly\/#\/shop\/detail\/SUMMERSUMMIT26\/from\/B8508439&#8221; button_text=&#8221;COMPRAR BOLETOS&#8221; button_text_tablet=&#8221;COMPRAR BOLETOS&#8221; button_text_phone=&#8221;COMPRAR BOLETOS&#8221; button_text_last_edited=&#8221;on|phone&#8221; _builder_version=&#8221;4.27.4&#8243; _module_preset=&#8221;default&#8221; custom_button=&#8221;on&#8221; button_text_size=&#8221;18px&#8221; button_text_color=&#8221;#FFFFFF&#8221; button_bg_color=&#8221;gcid-primary-color&#8221; button_border_width=&#8221;2px&#8221; button_border_color=&#8221;gcid-body-color&#8221; button_font=&#8221;Lato||||||||&#8221; custom_margin=&#8221;10px||10px||false|false&#8221; custom_padding=&#8221;10px||10px||false|false&#8221; locked=&#8221;off&#8221; global_colors_info=&#8221;{%22gcid-body-color%22:%91%22button_border_color%22%93,%22gcid-primary-color%22:%91%22button_bg_color%22%93}&#8221;][\/et_pb_button][\/et_pb_column_inner][\/et_pb_row_inner][et_pb_row_inner column_structure=&#8221;1_2,1_2&#8243; module_id=&#8221;evp-impact-retreat-2026&#8243; _builder_version=&#8221;4.27.4&#8243; _module_preset=&#8221;default&#8221; global_colors_info=&#8221;{}&#8221;][et_pb_column_inner type=&#8221;1_2&#8243; saved_specialty_column_type=&#8221;3_4&#8243; _builder_version=&#8221;4.20.0&#8243; _module_preset=&#8221;default&#8221; global_colors_info=&#8221;{}&#8221;][et_pb_image src=&#8221;https:\/\/d1jeyrxw15fk4e.cloudfront.net\/wp-content\/uploads\/2026\/03\/EVP-Impact-Retreat-2026.jpg&#8221; title_text=&#8221;EVP Retiro Impact 2026&#8243; _builder_version=&#8221;4.27.4&#8243; _module_preset=&#8221;default&#8221; hover_enabled=&#8221;0&#8243; border_radii=&#8221;on|5px|5px|5px|5px&#8221; global_colors_info=&#8221;{}&#8221; alt=&#8221;EVP Retiro Impact 2026&#8243; sticky_enabled=&#8221;0&#8243;][\/et_pb_image][\/et_pb_column_inner][et_pb_column_inner type=&#8221;1_2&#8243; saved_specialty_column_type=&#8221;3_4&#8243; _builder_version=&#8221;4.20.0&#8243; _module_preset=&#8221;default&#8221; global_colors_info=&#8221;{}&#8221;][et_pb_text _builder_version=&#8221;4.27.4&#8243; _module_preset=&#8221;b9f16d62-6e1a-493e-befd-f1613ea66937&#8243; header_font=&#8221;Montserrat||||||||&#8221; header_3_font=&#8221;Montserrat|700|||||||&#8221; custom_margin=&#8221;||10px||false|false&#8221; global_colors_info=&#8221;{}&#8221;]<\/p>\n<h3>EVP Retiro Impact 2026<\/h3>\n<p>[\/et_pb_text][et_pb_text _builder_version=&#8221;4.27.4&#8243; _module_preset=&#8221;f1a0c9cb-c459-40a4-b7f5-9461d8f18a29&#8243; text_font=&#8221;&#8211;et_global_body_font|700|||||||&#8221; text_text_color=&#8221;gcid-1f9b0bb3-481a-49f1-9fe6-999fc3c3182b&#8221; custom_margin=&#8221;||10px||false|false&#8221; global_colors_info=&#8221;{%22gcid-1f9b0bb3-481a-49f1-9fe6-999fc3c3182b%22:%91%22text_text_color%22%93}&#8221;]<\/p>\n<p>18\u201321 de Julio de 2026<\/p>\n<p>[\/et_pb_text][et_pb_text _builder_version=&#8221;4.27.4&#8243; _module_preset=&#8221;f1a0c9cb-c459-40a4-b7f5-9461d8f18a29&#8243; text_font=&#8221;&#8211;et_global_body_font||||||||&#8221; custom_margin=&#8221;||10px||false|false&#8221; global_colors_info=&#8221;{}&#8221;]<\/p>\n<p>Orlando, Florida<\/p>\n<p>[\/et_pb_text][et_pb_text _builder_version=&#8221;4.27.4&#8243; _module_preset=&#8221;f1a0c9cb-c459-40a4-b7f5-9461d8f18a29&#8243; text_font=&#8221;&#8211;et_global_body_font||||||||&#8221; text_text_color=&#8221;#000000&#8243; custom_margin=&#8221;30px||||false|false&#8221; global_colors_info=&#8221;{}&#8221;]<\/p>\n<p>Un retiro exclusivo para l\u00edderes con el rango de Vicepresidente y superior, dise\u00f1ado para fortalecer la visi\u00f3n, perfeccionar la estrategia y elevar la influencia.<\/p>\n<p>[\/et_pb_text][et_pb_button button_url=&#8221;\/wp-content\/uploads\/2026\/01\/EVP-Retreat-2026-PDF.pdf&#8221; button_text=&#8221;SABER M\u00c1S&#8221; button_text_tablet=&#8221;SABER M\u00c1S&#8221; button_text_phone=&#8221;SABER M\u00c1S&#8221; button_text_last_edited=&#8221;on|phone&#8221; _builder_version=&#8221;4.27.4&#8243; _module_preset=&#8221;default&#8221; custom_button=&#8221;on&#8221; button_text_size=&#8221;18px&#8221; button_text_color=&#8221;#FFFFFF&#8221; button_bg_color=&#8221;gcid-primary-color&#8221; button_border_width=&#8221;2px&#8221; button_border_color=&#8221;gcid-body-color&#8221; button_font=&#8221;Lato||||||||&#8221; custom_margin=&#8221;10px||10px||false|false&#8221; custom_padding=&#8221;10px||10px||false|false&#8221; locked=&#8221;off&#8221; global_colors_info=&#8221;{%22gcid-body-color%22:%91%22button_border_color%22%93,%22gcid-primary-color%22:%91%22button_bg_color%22%93}&#8221;][\/et_pb_button][\/et_pb_column_inner][\/et_pb_row_inner][et_pb_row_inner column_structure=&#8221;1_2,1_2&#8243; module_id=&#8221;dream-trip-2026&#8243; _builder_version=&#8221;4.27.4&#8243; _module_preset=&#8221;default&#8221; global_colors_info=&#8221;{}&#8221;][et_pb_column_inner type=&#8221;1_2&#8243; saved_specialty_column_type=&#8221;3_4&#8243; _builder_version=&#8221;4.20.0&#8243; _module_preset=&#8221;default&#8221; global_colors_info=&#8221;{}&#8221;][et_pb_image src=&#8221;https:\/\/d1jeyrxw15fk4e.cloudfront.net\/wp-content\/uploads\/2026\/03\/Cruise-2026.jpg&#8221; title_text=&#8221;Cruise 2026&#8243; _builder_version=&#8221;4.27.4&#8243; _module_preset=&#8221;default&#8221; hover_enabled=&#8221;0&#8243; border_radii=&#8221;on|5px|5px|5px|5px&#8221; global_colors_info=&#8221;{}&#8221; alt=&#8221;Cruise 2026&#8243; sticky_enabled=&#8221;0&#8243;][\/et_pb_image][\/et_pb_column_inner][et_pb_column_inner type=&#8221;1_2&#8243; saved_specialty_column_type=&#8221;3_4&#8243; _builder_version=&#8221;4.20.0&#8243; _module_preset=&#8221;default&#8221; global_colors_info=&#8221;{}&#8221;][et_pb_text _builder_version=&#8221;4.27.4&#8243; _module_preset=&#8221;b9f16d62-6e1a-493e-befd-f1613ea66937&#8243; header_font=&#8221;Montserrat||||||||&#8221; header_3_font=&#8221;Montserrat|700|||||||&#8221; custom_margin=&#8221;||10px||false|false&#8221; global_colors_info=&#8221;{}&#8221;]<\/p>\n<h3>Viaje de Ensue\u00f1o Bravenly 2026: Harmony of the Seas<\/h3>\n<p>[\/et_pb_text][et_pb_text _builder_version=&#8221;4.27.4&#8243; _module_preset=&#8221;f1a0c9cb-c459-40a4-b7f5-9461d8f18a29&#8243; text_font=&#8221;&#8211;et_global_body_font|700|||||||&#8221; text_text_color=&#8221;gcid-1f9b0bb3-481a-49f1-9fe6-999fc3c3182b&#8221; custom_margin=&#8221;||10px||false|false&#8221; global_colors_info=&#8221;{%22gcid-1f9b0bb3-481a-49f1-9fe6-999fc3c3182b%22:%91%22text_text_color%22%93}&#8221;]<\/p>\n<p>10\u201314 de Noviembre de 2026<\/p>\n<p>[\/et_pb_text][et_pb_text _builder_version=&#8221;4.27.4&#8243; _module_preset=&#8221;f1a0c9cb-c459-40a4-b7f5-9461d8f18a29&#8243; text_font=&#8221;&#8211;et_global_body_font||||||||&#8221; custom_margin=&#8221;||10px||false|false&#8221; global_colors_info=&#8221;{}&#8221;]<\/p>\n<p>Nassua, Bahamas | Perfect Day at Coco Cay<\/p>\n<p>[\/et_pb_text][et_pb_text _builder_version=&#8221;4.27.4&#8243; _module_preset=&#8221;f1a0c9cb-c459-40a4-b7f5-9461d8f18a29&#8243; text_font=&#8221;&#8211;et_global_body_font||||||||&#8221; text_text_color=&#8221;#000000&#8243; custom_margin=&#8221;30px||||false|false&#8221; global_colors_info=&#8221;{}&#8221;]<\/p>\n<p>Una experiencia de crucero inolvidable para quienes llegan a la cima, calificando a trav\u00e9s de su desempe\u00f1o y liderazgo para celebrar en el mar.<\/p>\n<p>[\/et_pb_text][et_pb_button button_url=&#8221;https:\/\/bravenlyglobal.com\/es\/viaje-de-ensueno-bravenly-cancun-2025\/&#8221; button_text=&#8221;SABER M\u00c1S&#8221; button_text_tablet=&#8221;SABER M\u00c1S&#8221; button_text_phone=&#8221;SABER M\u00c1S&#8221; button_text_last_edited=&#8221;on|tablet&#8221; _builder_version=&#8221;4.27.4&#8243; _module_preset=&#8221;default&#8221; custom_button=&#8221;on&#8221; button_text_size=&#8221;18px&#8221; button_text_color=&#8221;#FFFFFF&#8221; button_bg_color=&#8221;gcid-primary-color&#8221; button_border_width=&#8221;2px&#8221; button_border_color=&#8221;gcid-body-color&#8221; button_font=&#8221;Lato||||||||&#8221; custom_margin=&#8221;10px||10px||false|false&#8221; custom_padding=&#8221;10px||10px||false|false&#8221; locked=&#8221;off&#8221; global_colors_info=&#8221;{%22gcid-body-color%22:%91%22button_border_color%22%93,%22gcid-primary-color%22:%91%22button_bg_color%22%93}&#8221;][\/et_pb_button][\/et_pb_column_inner][\/et_pb_row_inner][et_pb_row_inner column_structure=&#8221;1_2,1_2&#8243; module_id=&#8221;gold-evp-escape-2027&#8243; _builder_version=&#8221;4.27.4&#8243; _module_preset=&#8221;default&#8221; global_colors_info=&#8221;{}&#8221;][et_pb_column_inner type=&#8221;1_2&#8243; saved_specialty_column_type=&#8221;3_4&#8243; _builder_version=&#8221;4.20.0&#8243; _module_preset=&#8221;default&#8221; global_colors_info=&#8221;{}&#8221;][et_pb_image src=&#8221;https:\/\/d1jeyrxw15fk4e.cloudfront.net\/wp-content\/uploads\/2026\/03\/Europe-2026.jpg&#8221; title_text=&#8221;Europe 2026&#8243; _builder_version=&#8221;4.27.4&#8243; _module_preset=&#8221;default&#8221; hover_enabled=&#8221;0&#8243; border_radii=&#8221;on|5px|5px|5px|5px&#8221; global_colors_info=&#8221;{}&#8221; alt=&#8221;Europe 2026&#8243; sticky_enabled=&#8221;0&#8243;][\/et_pb_image][\/et_pb_column_inner][et_pb_column_inner type=&#8221;1_2&#8243; saved_specialty_column_type=&#8221;3_4&#8243; _builder_version=&#8221;4.20.0&#8243; _module_preset=&#8221;default&#8221; global_colors_info=&#8221;{}&#8221;][et_pb_text _builder_version=&#8221;4.27.4&#8243; _module_preset=&#8221;b9f16d62-6e1a-493e-befd-f1613ea66937&#8243; header_font=&#8221;Tenor Sans||||||||&#8221; header_3_font=&#8221;Montserrat|700|||||||&#8221; custom_margin=&#8221;||10px||false|false&#8221; global_colors_info=&#8221;{}&#8221;]<\/p>\n<h3>VIAJE Gold EVP 2027: Europa<\/h3>\n<p>[\/et_pb_text][et_pb_text _builder_version=&#8221;4.27.4&#8243; _module_preset=&#8221;f1a0c9cb-c459-40a4-b7f5-9461d8f18a29&#8243; text_font=&#8221;&#8211;et_global_body_font|700|||||||&#8221; text_text_color=&#8221;gcid-1f9b0bb3-481a-49f1-9fe6-999fc3c3182b&#8221; custom_margin=&#8221;||10px||false|false&#8221; global_colors_info=&#8221;{%22gcid-1f9b0bb3-481a-49f1-9fe6-999fc3c3182b%22:%91%22text_text_color%22%93}&#8221;]<\/p>\n<p>June 2027<\/p>\n<p>[\/et_pb_text][et_pb_text _builder_version=&#8221;4.27.4&#8243; _module_preset=&#8221;f1a0c9cb-c459-40a4-b7f5-9461d8f18a29&#8243; text_font=&#8221;&#8211;et_global_body_font||||||||&#8221; custom_margin=&#8221;||10px||false|false&#8221; global_colors_info=&#8221;{}&#8221;]<\/p>\n<p>Europa<\/p>\n<p>[\/et_pb_text][et_pb_text _builder_version=&#8221;4.27.4&#8243; _module_preset=&#8221;f1a0c9cb-c459-40a4-b7f5-9461d8f18a29&#8243; text_font=&#8221;&#8211;et_global_body_font||||||||&#8221; text_text_color=&#8221;#000000&#8243; custom_margin=&#8221;30px||||false|false&#8221; global_colors_info=&#8221;{}&#8221;]<\/p>\n<p>Una experiencia elevada que te llevar\u00e1 a Europa, dise\u00f1ada para l\u00edderes que alcanzan el rango de Gold EVP y superior \u2014 una recompensa digna de los mejores.<\/p>\n<p>[\/et_pb_text][et_pb_button button_url=&#8221;\/wp-content\/uploads\/2026\/01\/Europe-GEVP-2027-PDF.pdf&#8221; button_text=&#8221;SABER M\u00c1S&#8221; button_text_tablet=&#8221;SABER M\u00c1S&#8221; button_text_phone=&#8221;SABER M\u00c1S&#8221; button_text_last_edited=&#8221;on|phone&#8221; _builder_version=&#8221;4.27.4&#8243; _module_preset=&#8221;default&#8221; custom_button=&#8221;on&#8221; button_text_size=&#8221;18px&#8221; button_text_color=&#8221;#FFFFFF&#8221; button_bg_color=&#8221;gcid-primary-color&#8221; button_border_width=&#8221;2px&#8221; button_border_color=&#8221;gcid-body-color&#8221; button_font=&#8221;Lato||||||||&#8221; custom_margin=&#8221;10px||10px||false|false&#8221; custom_padding=&#8221;10px||10px||false|false&#8221; locked=&#8221;off&#8221; global_colors_info=&#8221;{%22gcid-body-color%22:%91%22button_border_color%22%93,%22gcid-primary-color%22:%91%22button_bg_color%22%93}&#8221;][\/et_pb_button][\/et_pb_column_inner][\/et_pb_row_inner][\/et_pb_column][et_pb_column type=&#8221;1_4&#8243; _builder_version=&#8221;4.16&#8243; _module_preset=&#8221;default&#8221; custom_padding=&#8221;|||&#8221; global_colors_info=&#8221;{}&#8221; custom_padding__hover=&#8221;|||&#8221;][et_pb_text content_tablet=&#8221;&#8221; content_phone=&#8221;&#8221; content_last_edited=&#8221;on|phone&#8221; _builder_version=&#8221;4.27.4&#8243; _module_preset=&#8221;default&#8221; text_font=&#8221;&#8211;et_global_body_font||||||||&#8221; text_text_color=&#8221;#000000&#8243; header_font=&#8221;&#8211;et_global_heading_font|||on|||||&#8221; global_colors_info=&#8221;{}&#8221;]<\/p>\n<p>PR\u00d3XIMOS EVENTOS Y VIAJES<\/p>\n<hr style=\"border: 0; border-top: 1px solid #e5e5e5; margin: 18px 0;\">[\/et_pb_text][et_pb_text content_tablet=&#8221;&#8221; content_phone=&#8221;&#8221; content_last_edited=&#8221;on|desktop&#8221; module_class=&#8221;#1&#8243; _builder_version=&#8221;4.27.4&#8243; _module_preset=&#8221;default&#8221; text_font=&#8221;&#8211;et_global_body_font||||||||&#8221; text_text_color=&#8221;#000000&#8243; header_font=&#8221;&#8211;et_global_heading_font||||||||&#8221; global_colors_info=&#8221;{}&#8221;]<\/p>\n<p><a href=\"#dream-trip\">Viaje de Ensue\u00f1o Bravenly Junio 2026: Canc\u00fan<\/a><\/p>\n<p><a href=\"#growth-summit\">Growth Summit 2026<\/a><\/p>\n<p><a href=\"#evp-impact-retreat-2026\">EVP Retiro Impact 2026<\/a><\/p>\n<p><a href=\"#dream-trip-2026\">Viaje de Ensue\u00f1o Bravenly 2026: Harmony of the Seas<\/a><\/p>\n<p><a href=\"#gold-evp-escape-2027\">VIAJE Gold EVP 2027: Europa<\/a><\/p>\n<p>[\/et_pb_text][\/et_pb_column][\/et_pb_section]<\/p>\n","protected":false},"excerpt":{"rendered":"<p>PR\u00d3XIMOS EVENTOS Y VIAJESViaje de Ensue\u00f1o Bravenly Junio 2026: Canc\u00fan2\u20136 de Junio de 2026Grand Fiesta Americana Coral Beach Canc\u00fanUna celebraci\u00f3n todo incluido frente al mar en honor a nuestros Socios de Marca de mayor rendimiento, donde quienes calificaron disfrutar\u00e1n de alojamientos de lujo y eventos exclusivos de Bravenly en el para\u00edso.Growth Summit 202617\u201318 de Julio [&hellip;]<\/p>\n","protected":false},"author":191432663,"featured_media":0,"parent":0,"menu_order":0,"comment_status":"closed","ping_status":"closed","template":"","meta":{"_et_pb_use_builder":"on","_et_pb_old_content":"","_et_gb_content_width":"","_coblocks_attr":"","_coblocks_dimensions":"","_coblocks_responsive_height":"","_coblocks_accordion_ie_support":"","footnotes":""},"class_list":["post-48092","page","type-page","status-publish","hentry"],"_links":{"self":[{"href":"https:\/\/carolinesmith.bravenlyglobal.com\/es\/wp-json\/wp\/v2\/pages\/48092","targetHints":{"allow":["GET"]}}],"collection":[{"href":"https:\/\/carolinesmith.bravenlyglobal.com\/es\/wp-json\/wp\/v2\/pages"}],"about":[{"href":"https:\/\/carolinesmith.bravenlyglobal.com\/es\/wp-json\/wp\/v2\/types\/page"}],"author":[{"embeddable":true,"href":"https:\/\/carolinesmith.bravenlyglobal.com\/es\/wp-json\/wp\/v2\/users\/191432663"}],"replies":[{"embeddable":true,"href":"https:\/\/carolinesmith.bravenlyglobal.com\/es\/wp-json\/wp\/v2\/comments?post=48092"}],"version-history":[{"count":5,"href":"https:\/\/carolinesmith.bravenlyglobal.com\/es\/wp-json\/wp\/v2\/pages\/48092\/revisions"}],"predecessor-version":[{"id":48128,"href":"https:\/\/carolinesmith.bravenlyglobal.com\/es\/wp-json\/wp\/v2\/pages\/48092\/revisions\/48128"}],"wp:attachment":[{"href":"https:\/\/carolinesmith.bravenlyglobal.com\/es\/wp-json\/wp\/v2\/media?parent=48092"}],"curies":[{"name":"wp","href":"https:\/\/api.w.org\/{rel}","templated":true}]}}